{"id":436,"date":"2024-09-09T22:06:57","date_gmt":"2024-09-09T19:06:57","guid":{"rendered":"https:\/\/www.hraturkiye.com\/?page_id=436"},"modified":"2024-10-24T18:16:22","modified_gmt":"2024-10-24T15:16:22","slug":"partnerlerimiz","status":"publish","type":"page","link":"https:\/\/www.hraturkiye.com\/en\/partnerlerimiz\/","title":{"rendered":"(Turkish) Partnerlerimiz"},"content":{"rendered":"\t\t<div data-elementor-type=\"wp-page\" data-elementor-id=\"436\" class=\"elementor elementor-436\" data-elementor-settings=\"[]\">\n\t\t\t<div class=\"elementor-inner\">\n\t\t\t\t<div class=\"elementor-section-wrap\">\n\t\t\t\t\t\t\t<section class=\"elementor-element elementor-element-bdc92e6 elementor-section-boxed elementor-section-height-default elementor-section-height-default elementor-section elementor-top-section\" data-id=\"bdc92e6\" data-element_type=\"section\">\n\t\t\t\t\t\t<div class=\"elementor-container elementor-column-gap-default\">\n\t\t\t\t<div class=\"elementor-row\">\n\t\t\t\t<div class=\"elementor-element elementor-element-ff34a2b elementor-column elementor-col-100 elementor-top-column\" data-id=\"ff34a2b\" data-element_type=\"column\">\n\t\t\t<div class=\"elementor-column-wrap  elementor-element-populated\">\n\t\t\t\t\t<div class=\"elementor-widget-wrap\">\n\t\t\t\t<div class=\"elementor-element elementor-element-26f694c elementor-widget elementor-widget-heading\" data-id=\"26f694c\" data-element_type=\"widget\" data-widget_type=\"heading.default\">\n\t\t\t\t<div class=\"elementor-widget-container\">\n\t\t\t<h2 class=\"elementor-heading-title elementor-size-default\">Our Partners<\/h2>\t\t<\/div>\n\t\t\t\t<\/div>\n\t\t\t\t\t\t<\/div>\n\t\t\t<\/div>\n\t\t<\/div>\n\t\t\t\t\t\t<\/div>\n\t\t\t<\/div>\n\t\t<\/section>\n\t\t\t\t<section class=\"elementor-element elementor-element-f09f985 elementor-section-boxed elementor-section-height-default elementor-section-height-default elementor-section elementor-top-section\" data-id=\"f09f985\" data-element_type=\"section\">\n\t\t\t\t\t\t<div class=\"elementor-container elementor-column-gap-default\">\n\t\t\t\t<div class=\"elementor-row\">\n\t\t\t\t<div class=\"elementor-element elementor-element-17f30b8 elementor-column elementor-col-50 elementor-top-column\" data-id=\"17f30b8\" data-element_type=\"column\">\n\t\t\t<div class=\"elementor-column-wrap  elementor-element-populated\">\n\t\t\t\t\t<div class=\"elementor-widget-wrap\">\n\t\t\t\t<div class=\"elementor-element elementor-element-86d9943 elementor-widget elementor-widget-image\" data-id=\"86d9943\" data-element_type=\"widget\" data-widget_type=\"image.default\">\n\t\t\t\t<div class=\"elementor-widget-container\">\n\t\t\t\t\t<div class=\"elementor-image\">\n\t\t\t\t\t\t\t\t\t\t<img loading=\"lazy\" width=\"400\" height=\"170\" src=\"https:\/\/www.hraturkiye.com\/wp-content\/uploads\/2024\/09\/trn.webp\" class=\"attachment-large size-large\" alt=\"\" decoding=\"async\" srcset=\"https:\/\/www.hraturkiye.com\/wp-content\/uploads\/2024\/09\/trn.webp 400w, https:\/\/www.hraturkiye.com\/wp-content\/uploads\/2024\/09\/trn-300x128.webp 300w\" sizes=\"(max-width: 400px) 100vw, 400px\" \/>\t\t\t\t\t\t\t\t\t\t\t<\/div>\n\t\t\t\t<\/div>\n\t\t\t\t<\/div>\n\t\t\t\t\t\t<\/div>\n\t\t\t<\/div>\n\t\t<\/div>\n\t\t\t\t<div class=\"elementor-element elementor-element-4057f74 elementor-column elementor-col-50 elementor-top-column\" data-id=\"4057f74\" data-element_type=\"column\">\n\t\t\t<div class=\"elementor-column-wrap  elementor-element-populated\">\n\t\t\t\t\t<div class=\"elementor-widget-wrap\">\n\t\t\t\t<div class=\"elementor-element elementor-element-e7917c4 elementor-widget elementor-widget-text-editor\" data-id=\"e7917c4\" data-element_type=\"widget\" data-widget_type=\"text-editor.default\">\n\t\t\t\t<div class=\"elementor-widget-container\">\n\t\t\t\t\t<div class=\"elementor-text-editor elementor-clearfix\"><h2><strong>TRN<\/strong><\/h2><p><\/p><p><strong>Headquarters<\/strong><\/p><p><strong>Adress:<\/strong> Yukar\u0131 Dudullu Mah. Asl\u0131 Sok. No:23 Kat: 2 \u00dcmraniye \/ \u0130STANBUL \/ TURKEY<\/p><p><strong>Phone:<\/strong> +90 216 374 29 02<\/p><p><strong>Whatsapp:<\/strong> +90 532 250 00 60<\/p><p><strong>E-Mail:<\/strong> info@trngrup.com<\/p><p><\/p><p><strong>Operational Countries of TRN:<\/strong><\/p><p>Turkey &#8211; Azerbaijan &#8211; Turkmenistan &#8211; Kyrgyzstan &#8211; Uzbekistan &#8211; Kazakhstan &#8211; Russia &#8211; Italy &#8211; Spain &#8211; Georgia &#8211; Bulgaria &#8211; Serbia &#8211; North Macedonia &#8211; Greece<\/p><\/div>\n\t\t\t\t<\/div>\n\t\t\t\t<\/div>\n\t\t\t\t\t\t<\/div>\n\t\t\t<\/div>\n\t\t<\/div>\n\t\t\t\t\t\t<\/div>\n\t\t\t<\/div>\n\t\t<\/section>\n\t\t\t\t<section class=\"elementor-element elementor-element-4bc6d54 elementor-section-boxed elementor-section-height-default elementor-section-height-default elementor-section elementor-top-section\" data-id=\"4bc6d54\" data-element_type=\"section\">\n\t\t\t\t\t\t<div class=\"elementor-container elementor-column-gap-default\">\n\t\t\t\t<div class=\"elementor-row\">\n\t\t\t\t<div class=\"elementor-element elementor-element-6f37d7a elementor-column elementor-col-50 elementor-top-column\" data-id=\"6f37d7a\" data-element_type=\"column\">\n\t\t\t<div class=\"elementor-column-wrap  elementor-element-populated\">\n\t\t\t\t\t<div class=\"elementor-widget-wrap\">\n\t\t\t\t<div class=\"elementor-element elementor-element-dcba97f elementor-widget elementor-widget-image\" data-id=\"dcba97f\" data-element_type=\"widget\" data-widget_type=\"image.default\">\n\t\t\t\t<div class=\"elementor-widget-container\">\n\t\t\t\t\t<div class=\"elementor-image\">\n\t\t\t\t\t\t\t\t\t\t<img loading=\"lazy\" width=\"400\" height=\"170\" src=\"https:\/\/www.hraturkiye.com\/wp-content\/uploads\/2024\/09\/rmg.webp\" class=\"attachment-large size-large\" alt=\"\" decoding=\"async\" srcset=\"https:\/\/www.hraturkiye.com\/wp-content\/uploads\/2024\/09\/rmg.webp 400w, https:\/\/www.hraturkiye.com\/wp-content\/uploads\/2024\/09\/rmg-300x128.webp 300w\" sizes=\"(max-width: 400px) 100vw, 400px\" \/>\t\t\t\t\t\t\t\t\t\t\t<\/div>\n\t\t\t\t<\/div>\n\t\t\t\t<\/div>\n\t\t\t\t\t\t<\/div>\n\t\t\t<\/div>\n\t\t<\/div>\n\t\t\t\t<div class=\"elementor-element elementor-element-f700788 elementor-column elementor-col-50 elementor-top-column\" data-id=\"f700788\" data-element_type=\"column\">\n\t\t\t<div class=\"elementor-column-wrap  elementor-element-populated\">\n\t\t\t\t\t<div class=\"elementor-widget-wrap\">\n\t\t\t\t<div class=\"elementor-element elementor-element-e59fb59 elementor-widget elementor-widget-text-editor\" data-id=\"e59fb59\" data-element_type=\"widget\" data-widget_type=\"text-editor.default\">\n\t\t\t\t<div class=\"elementor-widget-container\">\n\t\t\t\t\t<div class=\"elementor-text-editor elementor-clearfix\"><h2>RMG<\/h2><p><\/p><p><\/p><p><strong>Adress:<\/strong> Heinrich Str.9 Post Code: 60327 Frankfurt am Main &#8211; GERMANY<\/p><p><strong>Phone: <\/strong>+49 1577 7777750<\/p><p><strong>E-Posta:<\/strong> info@rmg.de<\/p><p><\/p><p><strong>Operational Countries of RMG:<\/strong><\/p><p>Germany &#8211; Hungary &#8211; France &#8211; Austria &#8211; Poland &#8211; Czech Republic &#8211; Romania<\/p><\/div>\n\t\t\t\t<\/div>\n\t\t\t\t<\/div>\n\t\t\t\t\t\t<\/div>\n\t\t\t<\/div>\n\t\t<\/div>\n\t\t\t\t\t\t<\/div>\n\t\t\t<\/div>\n\t\t<\/section>\n\t\t\t\t<section class=\"elementor-element elementor-element-ab382a7 elementor-section-boxed elementor-section-height-default elementor-section-height-default elementor-section elementor-top-section\" data-id=\"ab382a7\" data-element_type=\"section\">\n\t\t\t\t\t\t<div class=\"elementor-container elementor-column-gap-default\">\n\t\t\t\t<div class=\"elementor-row\">\n\t\t\t\t<div class=\"elementor-element elementor-element-925d5b7 elementor-column elementor-col-50 elementor-top-column\" data-id=\"925d5b7\" data-element_type=\"column\">\n\t\t\t<div class=\"elementor-column-wrap  elementor-element-populated\">\n\t\t\t\t\t<div class=\"elementor-widget-wrap\">\n\t\t\t\t<div class=\"elementor-element elementor-element-ed01c5a elementor-widget elementor-widget-image\" data-id=\"ed01c5a\" data-element_type=\"widget\" data-widget_type=\"image.default\">\n\t\t\t\t<div class=\"elementor-widget-container\">\n\t\t\t\t\t<div class=\"elementor-image\">\n\t\t\t\t\t\t\t\t\t\t<img loading=\"lazy\" width=\"400\" height=\"170\" src=\"https:\/\/www.hraturkiye.com\/wp-content\/uploads\/2024\/09\/bimex.png\" class=\"attachment-large size-large\" alt=\"\" decoding=\"async\" srcset=\"https:\/\/www.hraturkiye.com\/wp-content\/uploads\/2024\/09\/bimex.png 400w, https:\/\/www.hraturkiye.com\/wp-content\/uploads\/2024\/09\/bimex-300x128.png 300w\" sizes=\"(max-width: 400px) 100vw, 400px\" \/>\t\t\t\t\t\t\t\t\t\t\t<\/div>\n\t\t\t\t<\/div>\n\t\t\t\t<\/div>\n\t\t\t\t\t\t<\/div>\n\t\t\t<\/div>\n\t\t<\/div>\n\t\t\t\t<div class=\"elementor-element elementor-element-1a7280c elementor-column elementor-col-50 elementor-top-column\" data-id=\"1a7280c\" data-element_type=\"column\">\n\t\t\t<div class=\"elementor-column-wrap  elementor-element-populated\">\n\t\t\t\t\t<div class=\"elementor-widget-wrap\">\n\t\t\t\t<div class=\"elementor-element elementor-element-fcb3501 elementor-widget elementor-widget-text-editor\" data-id=\"fcb3501\" data-element_type=\"widget\" data-widget_type=\"text-editor.default\">\n\t\t\t\t<div class=\"elementor-widget-container\">\n\t\t\t\t\t<div class=\"elementor-text-editor elementor-clearfix\"><h2><\/h2><h2><strong>BIMEX NORDIC<\/strong><\/h2><h2><\/h2><p><\/p><p><\/p><p><strong>Adress:<\/strong> Teglholmsgade 24, 2TV 2450 COPENHAGEN SV DENMARK<\/p><p><strong>Phone:<\/strong>+45 25892046<\/p><p><strong>E-Posta:<\/strong> contact@bimexnordic.com<\/p><p><\/p><p><strong>Operational Countries of BIMEX NORDIC:<\/strong><\/p><p>Denmark &#8211; United Kingdom &#8211; Sweden &#8211; Norway &#8211; Finland &#8211; Estonia &#8211; Latvia &#8211; Lithuania<\/p><\/div>\n\t\t\t\t<\/div>\n\t\t\t\t<\/div>\n\t\t\t\t\t\t<\/div>\n\t\t\t<\/div>\n\t\t<\/div>\n\t\t\t\t\t\t<\/div>\n\t\t\t<\/div>\n\t\t<\/section>\n\t\t\t\t<section class=\"elementor-element elementor-element-e4565ec elementor-section-boxed elementor-section-height-default elementor-section-height-default elementor-section elementor-top-section\" data-id=\"e4565ec\" data-element_type=\"section\">\n\t\t\t\t\t\t<div class=\"elementor-container elementor-column-gap-default\">\n\t\t\t\t<div class=\"elementor-row\">\n\t\t\t\t<div class=\"elementor-element elementor-element-9dea890 elementor-column elementor-col-50 elementor-top-column\" data-id=\"9dea890\" data-element_type=\"column\">\n\t\t\t<div class=\"elementor-column-wrap  elementor-element-populated\">\n\t\t\t\t\t<div class=\"elementor-widget-wrap\">\n\t\t\t\t<div class=\"elementor-element elementor-element-cd28136 elementor-widget elementor-widget-image\" data-id=\"cd28136\" data-element_type=\"widget\" data-widget_type=\"image.default\">\n\t\t\t\t<div class=\"elementor-widget-container\">\n\t\t\t\t\t<div class=\"elementor-image\">\n\t\t\t\t\t\t\t\t\t\t<img loading=\"lazy\" width=\"400\" height=\"170\" src=\"https:\/\/www.hraturkiye.com\/wp-content\/uploads\/2024\/09\/lifex.webp\" class=\"attachment-large size-large\" alt=\"\" decoding=\"async\" srcset=\"https:\/\/www.hraturkiye.com\/wp-content\/uploads\/2024\/09\/lifex.webp 400w, https:\/\/www.hraturkiye.com\/wp-content\/uploads\/2024\/09\/lifex-300x128.webp 300w\" sizes=\"(max-width: 400px) 100vw, 400px\" \/>\t\t\t\t\t\t\t\t\t\t\t<\/div>\n\t\t\t\t<\/div>\n\t\t\t\t<\/div>\n\t\t\t\t\t\t<\/div>\n\t\t\t<\/div>\n\t\t<\/div>\n\t\t\t\t<div class=\"elementor-element elementor-element-2a03a4f elementor-column elementor-col-50 elementor-top-column\" data-id=\"2a03a4f\" data-element_type=\"column\">\n\t\t\t<div class=\"elementor-column-wrap  elementor-element-populated\">\n\t\t\t\t\t<div class=\"elementor-widget-wrap\">\n\t\t\t\t<div class=\"elementor-element elementor-element-9a429ef elementor-widget elementor-widget-text-editor\" data-id=\"9a429ef\" data-element_type=\"widget\" data-widget_type=\"text-editor.default\">\n\t\t\t\t<div class=\"elementor-widget-container\">\n\t\t\t\t\t<div class=\"elementor-text-editor elementor-clearfix\"><h2><\/h2><h2><strong>lifeX<\/strong><\/h2><h2><\/h2><p><\/p><p><\/p><p><strong>Adress:<\/strong> Ravelijn 40 &#8211; 3905 NV Veenendaal \/ NETHERLANDS<\/p><p><strong>Phone: <\/strong>+31 6 34065461<\/p><p><strong>E-Posta:<\/strong> info@lifex.nl<\/p><p><\/p><p><strong>Operational Countries of lifeX:<\/strong><\/p><p>Netherlands &#8211; Belgium &#8211; Luxembourg<\/p><\/div>\n\t\t\t\t<\/div>\n\t\t\t\t<\/div>\n\t\t\t\t\t\t<\/div>\n\t\t\t<\/div>\n\t\t<\/div>\n\t\t\t\t\t\t<\/div>\n\t\t\t<\/div>\n\t\t<\/section>\n\t\t\t\t<section class=\"elementor-element elementor-element-d6c241f elementor-section-boxed elementor-section-height-default elementor-section-height-default elementor-section elementor-top-section\" data-id=\"d6c241f\" data-element_type=\"section\">\n\t\t\t\t\t\t<div class=\"elementor-container elementor-column-gap-default\">\n\t\t\t\t<div class=\"elementor-row\">\n\t\t\t\t<div class=\"elementor-element elementor-element-7b9aeb7 elementor-column elementor-col-50 elementor-top-column\" data-id=\"7b9aeb7\" data-element_type=\"column\">\n\t\t\t<div class=\"elementor-column-wrap  elementor-element-populated\">\n\t\t\t\t\t<div class=\"elementor-widget-wrap\">\n\t\t\t\t<div class=\"elementor-element elementor-element-a1182a1 elementor-widget elementor-widget-image\" data-id=\"a1182a1\" data-element_type=\"widget\" data-widget_type=\"image.default\">\n\t\t\t\t<div class=\"elementor-widget-container\">\n\t\t\t\t\t<div class=\"elementor-image\">\n\t\t\t\t\t\t\t\t\t\t<img loading=\"lazy\" width=\"400\" height=\"170\" src=\"https:\/\/www.hraturkiye.com\/wp-content\/uploads\/2024\/09\/wecare.webp\" class=\"attachment-large size-large\" alt=\"\" decoding=\"async\" srcset=\"https:\/\/www.hraturkiye.com\/wp-content\/uploads\/2024\/09\/wecare.webp 400w, https:\/\/www.hraturkiye.com\/wp-content\/uploads\/2024\/09\/wecare-300x128.webp 300w\" sizes=\"(max-width: 400px) 100vw, 400px\" \/>\t\t\t\t\t\t\t\t\t\t\t<\/div>\n\t\t\t\t<\/div>\n\t\t\t\t<\/div>\n\t\t\t\t\t\t<\/div>\n\t\t\t<\/div>\n\t\t<\/div>\n\t\t\t\t<div class=\"elementor-element elementor-element-c382b23 elementor-column elementor-col-50 elementor-top-column\" data-id=\"c382b23\" data-element_type=\"column\">\n\t\t\t<div class=\"elementor-column-wrap  elementor-element-populated\">\n\t\t\t\t\t<div class=\"elementor-widget-wrap\">\n\t\t\t\t<div class=\"elementor-element elementor-element-079c62c elementor-widget elementor-widget-text-editor\" data-id=\"079c62c\" data-element_type=\"widget\" data-widget_type=\"text-editor.default\">\n\t\t\t\t<div class=\"elementor-widget-container\">\n\t\t\t\t\t<div class=\"elementor-text-editor elementor-clearfix\"><h2><\/h2>\n<h2><strong>WeCare<\/strong><\/h2>\n<h2><\/h2>\n<p><\/p>\n<p><\/p>\n<p><strong>Adress:<\/strong> King Abdullah II Bin Al Hussein St., Al Naber Building No.167, Office No.104 \/ JORDAN<\/p>\n<p><strong>Phone:<\/strong>00962799199660<\/p>\n<p><strong>E-Posta:<\/strong> info@wecare-app.net<\/p>\n<p><\/p>\n<p><strong>Operational Countries of WeCare:<\/strong><\/p>\n<p>MENA &amp; North Africa including: Jordan &#8211; Palestine &#8211; Lebanon &#8211; Syria &#8211; Iraq &#8211; Yemen &#8211; Oman &#8211; UAE &#8211; Qatar &#8211; Bahrain &#8211; Kuwait &#8211; Saudi Arabia &#8211; Sudan &#8211; Egypt &#8211; Libya &#8211; Tunis &#8211; Algeria &#8211; Morocco &#8211; Iran<\/p><\/div>\n\t\t\t\t<\/div>\n\t\t\t\t<\/div>\n\t\t\t\t\t\t<\/div>\n\t\t\t<\/div>\n\t\t<\/div>\n\t\t\t\t\t\t<\/div>\n\t\t\t<\/div>\n\t\t<\/section>\n\t\t\t\t\t\t<\/div>\n\t\t\t<\/div>\n\t\t<\/div>\n\t\t","protected":false},"excerpt":{"rendered":"<p>Our Partners TRN Headquarters Adress: Yukar\u0131 Dudullu Mah. Asl\u0131 Sok. No:23 Kat: 2 \u00dcmraniye \/ \u0130STANBUL \/ TURKEY Phone: +90 216 374 29 02 Whatsapp: +90 532 250 00 60 E-Mail: info@trngrup.com Operational Countries of TRN: Turkey &#8211; Azerbaijan &#8211; Turkmenistan &#8211; Kyrgyzstan &#8211; Uzbekistan &#8211; Kazakhstan &#8211; Russia &#8211; Italy &#8211; Spain &#8211; Georgia&#8230;<\/p>\n","protected":false},"author":1,"featured_media":0,"parent":0,"menu_order":0,"comment_status":"closed","ping_status":"closed","template":"elementor_header_footer","meta":{"footnotes":""},"_links":{"self":[{"href":"https:\/\/www.hraturkiye.com\/en\/wp-json\/wp\/v2\/pages\/436"}],"collection":[{"href":"https:\/\/www.hraturkiye.com\/en\/wp-json\/wp\/v2\/pages"}],"about":[{"href":"https:\/\/www.hraturkiye.com\/en\/wp-json\/wp\/v2\/types\/page"}],"author":[{"embeddable":true,"href":"https:\/\/www.hraturkiye.com\/en\/wp-json\/wp\/v2\/users\/1"}],"replies":[{"embeddable":true,"href":"https:\/\/www.hraturkiye.com\/en\/wp-json\/wp\/v2\/comments?post=436"}],"version-history":[{"count":21,"href":"https:\/\/www.hraturkiye.com\/en\/wp-json\/wp\/v2\/pages\/436\/revisions"}],"predecessor-version":[{"id":469,"href":"https:\/\/www.hraturkiye.com\/en\/wp-json\/wp\/v2\/pages\/436\/revisions\/469"}],"wp:attachment":[{"href":"https:\/\/www.hraturkiye.com\/en\/wp-json\/wp\/v2\/media?parent=436"}],"curies":[{"name":"wp","href":"https:\/\/api.w.org\/{rel}","templated":true}]}}